{"id":2641,"date":"2021-05-07T17:07:08","date_gmt":"2021-05-07T17:07:08","guid":{"rendered":"https:\/\/www.physioelite.net\/centres-de-physiotherapie\/"},"modified":"2026-02-18T16:05:07","modified_gmt":"2026-02-18T16:05:07","slug":"contact","status":"publish","type":"page","link":"https:\/\/www.physioelite.net\/en\/contact\/","title":{"rendered":"Contact"},"content":{"rendered":"<div id='av_section_1'  class='avia-section av-j53zt-655cca097edd1d5e32a607673c54213f main_color avia-section-default avia-no-border-styling  avia-builder-el-0  avia-builder-el-no-sibling  avia-bg-style-scroll container_wrap fullsize'  ><div class='container av-section-cont-open' ><main  role=\"main\" itemprop=\"mainContentOfPage\"  class='template-page content  av-content-full alpha units'><div class='post-entry post-entry-type-page post-entry-2641'><div class='entry-content-wrapper clearfix'>\n\n<style type=\"text\/css\" data-created_by=\"avia_inline_auto\" id=\"style-css-av-dyylt-399c0a79986ceb65916339e98431b878\">\n.flex_column.av-dyylt-399c0a79986ceb65916339e98431b878{\nborder-radius:0px 0px 0px 0px;\npadding:0px 0px 0px 0px;\n}\n<\/style>\n<div  class='flex_column av-dyylt-399c0a79986ceb65916339e98431b878 av_one_full  avia-builder-el-1  el_before_av_one_third  avia-builder-el-first  first flex_column_div av-zero-column-padding  '     ><section  class='av_textblock_section av-8pok9-dc62dc83b6c33f37ae789293124724a5 '   itemscope=\"itemscope\" itemtype=\"https:\/\/schema.org\/CreativeWork\" ><div class='avia_textblock'  itemprop=\"text\" ><h1 style=\"text-align: center;\">4 physiotherapy centers to help serve you better<\/h1>\n<h2 style=\"text-align: center;\">Take charge of your health, call us<\/h2>\n<\/div><\/section><\/div>\n<style type=\"text\/css\" data-created_by=\"avia_inline_auto\" id=\"style-css-av-1wragp-15abaeb2b9c38d0f385f58734b682e10\">\n.flex_column.av-1wragp-15abaeb2b9c38d0f385f58734b682e10{\nborder-radius:0px 0px 0px 0px;\npadding:0px 0px 0px 0px;\n}\n<\/style>\n<div  class='flex_column av-1wragp-15abaeb2b9c38d0f385f58734b682e10 av_one_third  avia-builder-el-3  el_after_av_one_full  el_before_av_one_third  first flex_column_div av-zero-column-padding  column-top-margin'     ><p>\n<style type=\"text\/css\" data-created_by=\"avia_inline_auto\" id=\"style-css-av-xcfeh-757fb14b54438839883b4142822149df\">\n.avia-image-container.av-xcfeh-757fb14b54438839883b4142822149df img.avia_image{\nbox-shadow:none;\n}\n.avia-image-container.av-xcfeh-757fb14b54438839883b4142822149df .av-image-caption-overlay-center{\ncolor:#ffffff;\n}\n<\/style>\n<div  class='avia-image-container av-xcfeh-757fb14b54438839883b4142822149df av-styling-no-styling avia-align-center  avia-builder-el-4  el_before_av_hr  avia-builder-el-first '   itemprop=\"image\" itemscope=\"itemscope\" itemtype=\"https:\/\/schema.org\/ImageObject\" ><div class=\"avia-image-container-inner\"><div class=\"avia-image-overlay-wrap\"><img decoding=\"async\" fetchpriority=\"high\" class='wp-image-2543 avia-img-lazy-loading-not-2543 avia_image ' src=\"https:\/\/www.physioelite.net\/wp-content\/uploads\/2021\/07\/Laval_physioelite_6_2.jpg\" alt='Administration Physio \u00c9lite Laval' title='Laval_physioelite_6_2'  height=\"820\" width=\"1232\"  itemprop=\"thumbnailUrl\" srcset=\"https:\/\/www.physioelite.net\/wp-content\/uploads\/2021\/07\/Laval_physioelite_6_2.jpg 1232w, https:\/\/www.physioelite.net\/wp-content\/uploads\/2021\/07\/Laval_physioelite_6_2-300x200.jpg 300w, https:\/\/www.physioelite.net\/wp-content\/uploads\/2021\/07\/Laval_physioelite_6_2-1030x686.jpg 1030w, https:\/\/www.physioelite.net\/wp-content\/uploads\/2021\/07\/Laval_physioelite_6_2-768x511.jpg 768w, https:\/\/www.physioelite.net\/wp-content\/uploads\/2021\/07\/Laval_physioelite_6_2-705x469.jpg 705w\" sizes=\"(max-width: 1232px) 100vw, 1232px\" \/><\/div><\/div><\/div><br \/>\n\n<style type=\"text\/css\" data-created_by=\"avia_inline_auto\" id=\"style-css-av-tg9vl-10d5287949f25ce10bde6a2a30460493\">\n#top .hr.hr-invisible.av-tg9vl-10d5287949f25ce10bde6a2a30460493{\nheight:20px;\n}\n<\/style>\n<div  class='hr av-tg9vl-10d5287949f25ce10bde6a2a30460493 hr-invisible  avia-builder-el-5  el_after_av_image  el_before_av_textblock '><span class='hr-inner '><span class=\"hr-inner-style\"><\/span><\/span><\/div><br \/>\n<section  class='av_textblock_section av-kpo5ke0s-a02fa3bed080880041cdd67eec9bfe9f '   itemscope=\"itemscope\" itemtype=\"https:\/\/schema.org\/CreativeWork\" ><div class='avia_textblock'  itemprop=\"text\" ><h3><strong>LAVAL<\/strong><\/h3>\n<p>3625, boulevard. Cur\u00e9-Labelle, #203<br \/>\nLaval\u00a0 QC\u00a0 H7P 0A5<\/p>\n<p>\n<style type=\"text\/css\" data-created_by=\"avia_inline_auto\" id=\"style-css-av-1oz2i1-05a572366bb847e13e48f6b384830e28\">\n.av_font_icon.av-1oz2i1-05a572366bb847e13e48f6b384830e28 .av-icon-char{\nfont-size:20px;\nline-height:20px;\n}\n<\/style>\n<span  class='av_font_icon av-1oz2i1-05a572366bb847e13e48f6b384830e28 avia_animate_when_visible av-icon-style- avia-icon-pos-left avia-iconfont avia-font-entypo-fontello av-no-color avia-icon-animate'><span class='av-icon-char' data-av_icon='\ue854' data-av_iconfont='entypo-fontello' aria-hidden=\"true\" ><\/span><\/span> <a href=\"tel:4506882424\" target=\"_blank\" rel=\"noopener\">450 688-2424<\/a><\/p>\n<p>\n<style type=\"text\/css\" data-created_by=\"avia_inline_auto\" id=\"style-css-av-1ipftd-f0d8ce72c519c74302be40348a206fb6\">\n.av_font_icon.av-1ipftd-f0d8ce72c519c74302be40348a206fb6 .av-icon-char{\nfont-size:20px;\nline-height:20px;\n}\n<\/style>\n<span  class='av_font_icon av-1ipftd-f0d8ce72c519c74302be40348a206fb6 avia_animate_when_visible av-icon-style- avia-icon-pos-left avia-iconfont avia-font-entypo-fontello av-no-color avia-icon-animate'><span class='av-icon-char' data-av_icon='\ue838' data-av_iconfont='entypo-fontello' aria-hidden=\"true\" ><\/span><\/span> 450 688-2449<\/p>\n<p>\n<style type=\"text\/css\" data-created_by=\"avia_inline_auto\" id=\"style-css-av-dd9qp-ab4027185f4037f99d4debeea915e6d0\">\n.av_font_icon.av-dd9qp-ab4027185f4037f99d4debeea915e6d0 .av-icon-char{\nfont-size:20px;\nline-height:20px;\n}\n<\/style>\n<span  class='av_font_icon av-dd9qp-ab4027185f4037f99d4debeea915e6d0 avia_animate_when_visible av-icon-style- avia-icon-pos-left avia-iconfont avia-font-entypo-fontello av-no-color avia-icon-animate'><span class='av-icon-char' data-av_icon='\ue8ab' data-av_iconfont='entypo-fontello' aria-hidden=\"true\" ><\/span><\/span> <a href=\"https:\/\/www.physioelite.net\/en\/\" target=\"_blank\" rel=\"noopener\">www.physioelite.net<\/a><\/p>\n<\/div><\/section><br \/>\n<div  class='avia-button-wrap av-kpo5nltp-5cc7b0b8a2a2096c91dc19916e8a90ab-wrap avia-button-left  avia-builder-el-10  el_after_av_textblock  avia-builder-el-last '><a href='https:\/\/www.physioelite.net\/centres-de-physiotherapie\/contact-clinique-de-physiotherapie-laval\/#formlaval'  class='avia-button av-kpo5nltp-5cc7b0b8a2a2096c91dc19916e8a90ab av-link-btn avia-icon_select-no avia-size-medium avia-position-left avia-color-dark'   aria-label=\"Book an appointment\"><span class='avia_iconbox_title' >Book an appointment<\/span><\/a><\/div><\/p><\/div>\n<style type=\"text\/css\" data-created_by=\"avia_inline_auto\" id=\"style-css-av-1d6ijt-2649141c11954ce48bb115546201035f\">\n.flex_column.av-1d6ijt-2649141c11954ce48bb115546201035f{\nborder-radius:0px 0px 0px 0px;\npadding:0px 0px 0px 0px;\n}\n<\/style>\n<div  class='flex_column av-1d6ijt-2649141c11954ce48bb115546201035f av_one_third  avia-builder-el-11  el_after_av_one_third  el_before_av_one_third  flex_column_div av-zero-column-padding  column-top-margin'     ><p>\n<style type=\"text\/css\" data-created_by=\"avia_inline_auto\" id=\"style-css-av-kpo6ekbv-ea391a19d7fc29883f887087535d3119\">\n.avia-image-container.av-kpo6ekbv-ea391a19d7fc29883f887087535d3119 img.avia_image{\nbox-shadow:none;\n}\n.avia-image-container.av-kpo6ekbv-ea391a19d7fc29883f887087535d3119 .av-image-caption-overlay-center{\ncolor:#ffffff;\n}\n<\/style>\n<div  class='avia-image-container av-kpo6ekbv-ea391a19d7fc29883f887087535d3119 av-styling-no-styling avia-align-center  avia-builder-el-12  el_before_av_hr  avia-builder-el-first '   itemprop=\"image\" itemscope=\"itemscope\" itemtype=\"https:\/\/schema.org\/ImageObject\" ><div class=\"avia-image-container-inner\"><div class=\"avia-image-overlay-wrap\"><img decoding=\"async\" fetchpriority=\"high\" class='wp-image-2526 avia-img-lazy-loading-not-2526 avia_image ' src=\"https:\/\/www.physioelite.net\/wp-content\/uploads\/2021\/06\/St-Jerome_table-traitement_physioelite_low2.jpg\" alt='Physio \u00c9lite St-J\u00e9r\u00f4me table traitement' title='St-Jerome_table-traitement_physioelite_low2'  height=\"1198\" width=\"1800\"  itemprop=\"thumbnailUrl\" srcset=\"https:\/\/www.physioelite.net\/wp-content\/uploads\/2021\/06\/St-Jerome_table-traitement_physioelite_low2.jpg 1800w, https:\/\/www.physioelite.net\/wp-content\/uploads\/2021\/06\/St-Jerome_table-traitement_physioelite_low2-300x200.jpg 300w, https:\/\/www.physioelite.net\/wp-content\/uploads\/2021\/06\/St-Jerome_table-traitement_physioelite_low2-1030x686.jpg 1030w, https:\/\/www.physioelite.net\/wp-content\/uploads\/2021\/06\/St-Jerome_table-traitement_physioelite_low2-768x511.jpg 768w, https:\/\/www.physioelite.net\/wp-content\/uploads\/2021\/06\/St-Jerome_table-traitement_physioelite_low2-1536x1022.jpg 1536w, https:\/\/www.physioelite.net\/wp-content\/uploads\/2021\/06\/St-Jerome_table-traitement_physioelite_low2-1500x998.jpg 1500w, https:\/\/www.physioelite.net\/wp-content\/uploads\/2021\/06\/St-Jerome_table-traitement_physioelite_low2-705x469.jpg 705w\" sizes=\"(max-width: 1800px) 100vw, 1800px\" \/><\/div><\/div><\/div><br \/>\n\n<style type=\"text\/css\" data-created_by=\"avia_inline_auto\" id=\"style-css-av-kpo6a94g-4df7bf0c5773b3588e4622132233ad58\">\n#top .hr.hr-invisible.av-kpo6a94g-4df7bf0c5773b3588e4622132233ad58{\nheight:20px;\n}\n<\/style>\n<div  class='hr av-kpo6a94g-4df7bf0c5773b3588e4622132233ad58 hr-invisible  avia-builder-el-13  el_after_av_image  el_before_av_textblock '><span class='hr-inner '><span class=\"hr-inner-style\"><\/span><\/span><\/div><br \/>\n<section  class='av_textblock_section av-kpo5pkdy-f69a4e835c3fd7e0787fefe522b7cab5 '   itemscope=\"itemscope\" itemtype=\"https:\/\/schema.org\/CreativeWork\" ><div class='avia_textblock'  itemprop=\"text\" ><h3><strong>SAINT-J\u00c9R\u00d4ME<\/strong><\/h3>\n<p>107, 103e Avenue<br \/>\nSaint-J\u00e9r\u00f4me\u00a0 QC\u00a0 J7Y 1J2<\/p>\n<p>\n<style type=\"text\/css\" data-created_by=\"avia_inline_auto\" id=\"style-css-av-1am0ax-796f570150e282fd283a47bbce80e55e\">\n.av_font_icon.av-1am0ax-796f570150e282fd283a47bbce80e55e .av-icon-char{\nfont-size:20px;\nline-height:20px;\n}\n<\/style>\n<span  class='av_font_icon av-1am0ax-796f570150e282fd283a47bbce80e55e avia_animate_when_visible av-icon-style- avia-icon-pos-left avia-iconfont avia-font-entypo-fontello av-no-color avia-icon-animate'><span class='av-icon-char' data-av_icon='\ue854' data-av_iconfont='entypo-fontello' aria-hidden=\"true\" ><\/span><\/span> <a href=\"tel:4505656888\" target=\"_blank\" rel=\"noopener\">450 565-6888<\/a><\/p>\n<p>\n<style type=\"text\/css\" data-created_by=\"avia_inline_auto\" id=\"style-css-av-42y8x-558b522dc76802255706d5a6b8162a89\">\n.av_font_icon.av-42y8x-558b522dc76802255706d5a6b8162a89 .av-icon-char{\nfont-size:20px;\nline-height:20px;\n}\n<\/style>\n<span  class='av_font_icon av-42y8x-558b522dc76802255706d5a6b8162a89 avia_animate_when_visible av-icon-style- avia-icon-pos-left avia-iconfont avia-font-entypo-fontello av-no-color avia-icon-animate'><span class='av-icon-char' data-av_icon='\ue838' data-av_iconfont='entypo-fontello' aria-hidden=\"true\" ><\/span><\/span> 450 565-5649<\/p>\n<p>\n<style type=\"text\/css\" data-created_by=\"avia_inline_auto\" id=\"style-css-av-dd9qp-7-0da72cd825f2ddbc5175ac3b7f3b466e\">\n.av_font_icon.av-dd9qp-7-0da72cd825f2ddbc5175ac3b7f3b466e .av-icon-char{\nfont-size:20px;\nline-height:20px;\n}\n<\/style>\n<span  class='av_font_icon av-dd9qp-7-0da72cd825f2ddbc5175ac3b7f3b466e avia_animate_when_visible av-icon-style- avia-icon-pos-left avia-iconfont avia-font-entypo-fontello av-no-color avia-icon-animate'><span class='av-icon-char' data-av_icon='\ue8ab' data-av_iconfont='entypo-fontello' aria-hidden=\"true\" ><\/span><\/span> <a href=\"https:\/\/www.physioelite.net\/en\/\" target=\"_blank\" rel=\"noopener\">www.physioelite.net<\/a><\/p>\n<\/div><\/section><br \/>\n<div  class='avia-button-wrap av-vmmv5-7bd214278274699bc2533a629c41117b-wrap avia-button-left  avia-builder-el-18  el_after_av_textblock  avia-builder-el-last '><a href='https:\/\/secure.medexa.com\/#\/onlineAppointmentInformation?APIKey=B7611459E8D04AD292A52C48EA3C7874&amp;flowColor=228fa6&amp;backgroundColor=ffffff'  class='avia-button av-vmmv5-7bd214278274699bc2533a629c41117b av-link-btn avia-icon_select-no avia-size-medium avia-position-left avia-color-dark'   aria-label=\"Book an appointment\"><span class='avia_iconbox_title' >Book an appointment<\/span><\/a><\/div><\/p><\/div>\n<style type=\"text\/css\" data-created_by=\"avia_inline_auto\" id=\"style-css-av-3wr55t-953ed0116d2e33996e6a0a27cb7295ac\">\n.flex_column.av-3wr55t-953ed0116d2e33996e6a0a27cb7295ac{\nborder-radius:0px 0px 0px 0px;\npadding:0px 0px 0px 0px;\n}\n<\/style>\n<div  class='flex_column av-3wr55t-953ed0116d2e33996e6a0a27cb7295ac av_one_third  avia-builder-el-19  el_after_av_one_third  avia-builder-el-last  flex_column_div av-zero-column-padding  column-top-margin'     ><p>\n<style type=\"text\/css\" data-created_by=\"avia_inline_auto\" id=\"style-css-av-kpo69ryz-3666f84506f5a04ace29c04bb140c9bb\">\n.avia-image-container.av-kpo69ryz-3666f84506f5a04ace29c04bb140c9bb img.avia_image{\nbox-shadow:none;\n}\n.avia-image-container.av-kpo69ryz-3666f84506f5a04ace29c04bb140c9bb .av-image-caption-overlay-center{\ncolor:#ffffff;\n}\n<\/style>\n<div  class='avia-image-container av-kpo69ryz-3666f84506f5a04ace29c04bb140c9bb av-styling-no-styling avia-align-center  avia-builder-el-20  el_before_av_hr  avia-builder-el-first '   itemprop=\"image\" itemscope=\"itemscope\" itemtype=\"https:\/\/schema.org\/ImageObject\" ><div class=\"avia-image-container-inner\"><div class=\"avia-image-overlay-wrap\"><img decoding=\"async\" fetchpriority=\"high\" class='wp-image-6443 avia-img-lazy-loading-not-6443 avia_image ' src=\"https:\/\/www.physioelite.net\/wp-content\/uploads\/2026\/02\/PhysioElite-Piedmontlocaux-27.jpg\" alt='clinique de physioth\u00e9rapie Physio \u00c9lite Saint-Sauveur-Piedmont' title='PhysioE\u0301lite-Piedmont(locaux)-27'  height=\"737\" width=\"1024\"  itemprop=\"thumbnailUrl\" srcset=\"https:\/\/www.physioelite.net\/wp-content\/uploads\/2026\/02\/PhysioElite-Piedmontlocaux-27.jpg 1024w, https:\/\/www.physioelite.net\/wp-content\/uploads\/2026\/02\/PhysioElite-Piedmontlocaux-27-300x216.jpg 300w, https:\/\/www.physioelite.net\/wp-content\/uploads\/2026\/02\/PhysioElite-Piedmontlocaux-27-768x553.jpg 768w, https:\/\/www.physioelite.net\/wp-content\/uploads\/2026\/02\/PhysioElite-Piedmontlocaux-27-705x507.jpg 705w\" sizes=\"(max-width: 1024px) 100vw, 1024px\" \/><\/div><\/div><\/div><br \/>\n\n<style type=\"text\/css\" data-created_by=\"avia_inline_auto\" id=\"style-css-av-2r3ve9-6c067513cf21be98006c588f32d49ec1\">\n#top .hr.hr-invisible.av-2r3ve9-6c067513cf21be98006c588f32d49ec1{\nheight:20px;\n}\n<\/style>\n<div  class='hr av-2r3ve9-6c067513cf21be98006c588f32d49ec1 hr-invisible  avia-builder-el-21  el_after_av_image  el_before_av_textblock '><span class='hr-inner '><span class=\"hr-inner-style\"><\/span><\/span><\/div><br \/>\n<section  class='av_textblock_section av-kpo5rpvp-7719bf744fcbe86e72361e73d37156e5 '   itemscope=\"itemscope\" itemtype=\"https:\/\/schema.org\/CreativeWork\" ><div class='avia_textblock'  itemprop=\"text\" ><h3><strong>SAINT-SAUVEUR<\/strong><\/h3>\n<p><strong>New location<\/strong><br \/>\n675, rue Principale<br \/>\nPiedmont QC\u00a0 J0R 1Ko<\/p>\n<p>\n<style type=\"text\/css\" data-created_by=\"avia_inline_auto\" id=\"style-css-av-kjabl-9c931809b685b6796d62b23598295095\">\n.av_font_icon.av-kjabl-9c931809b685b6796d62b23598295095 .av-icon-char{\nfont-size:20px;\nline-height:20px;\n}\n<\/style>\n<span  class='av_font_icon av-kjabl-9c931809b685b6796d62b23598295095 avia_animate_when_visible av-icon-style- avia-icon-pos-left avia-iconfont avia-font-entypo-fontello av-no-color avia-icon-animate'><span class='av-icon-char' data-av_icon='\ue854' data-av_iconfont='entypo-fontello' aria-hidden=\"true\" ><\/span><\/span> <a href=\"tel:5798876768\" target=\"_blank\" rel=\"noopener\">579 887-6768<\/a><\/p>\n<p>\n<style type=\"text\/css\" data-created_by=\"avia_inline_auto\" id=\"style-css-av-dd9qp-6-38bfdc4b912a326cfe595f39b98792f1\">\n.av_font_icon.av-dd9qp-6-38bfdc4b912a326cfe595f39b98792f1 .av-icon-char{\nfont-size:20px;\nline-height:20px;\n}\n<\/style>\n<span  class='av_font_icon av-dd9qp-6-38bfdc4b912a326cfe595f39b98792f1 avia_animate_when_visible av-icon-style- avia-icon-pos-left avia-iconfont avia-font-entypo-fontello av-no-color avia-icon-animate'><span class='av-icon-char' data-av_icon='\ue8ab' data-av_iconfont='entypo-fontello' aria-hidden=\"true\" ><\/span><\/span> <a href=\"https:\/\/www.physioelite.net\/en\/\" target=\"_blank\" rel=\"noopener\">www.physioelite.net<\/a><\/p>\n<\/div><\/section><br \/>\n<div  class='avia-button-wrap av-6q3eh-fc6f39bbedc327ffce1e861e39826e46-wrap avia-button-left  avia-builder-el-25  el_after_av_textblock  avia-builder-el-last '><a href='https:\/\/secure.medexa.com\/#\/onlineAppointmentInformation?APIKey=DB80F4EDC0464C33A5FC209DE38C94CD&amp;flowColor=0c8ee5&amp;backgroundColor=ffffff'  class='avia-button av-6q3eh-fc6f39bbedc327ffce1e861e39826e46 av-link-btn avia-icon_select-no avia-size-medium avia-position-left avia-color-dark'  target=\"_blank\"  rel=\"noopener noreferrer\"  aria-label=\"Book an appointment\"><span class='avia_iconbox_title' >Book an appointment<\/span><\/a><\/div><\/p><\/div>\n","protected":false},"excerpt":{"rendered":"","protected":false},"author":1,"featured_media":0,"parent":0,"menu_order":0,"comment_status":"closed","ping_status":"closed","template":"","meta":{"inline_featured_image":false,"footnotes":""},"class_list":["post-2641","page","type-page","status-publish","hentry"],"yoast_head":"<!-- This site is optimized with the Yoast SEO plugin v27.5 - https:\/\/yoast.com\/product\/yoast-seo-wordpress\/ -->\n<title>Contact One of our Physiotherapy Center | Physio \u00c9lite<\/title>\n<meta name=\"description\" content=\"Contact us for an appointment or more information. 3 physiotherapy centers in Laval, St-J\u00e9r\u00f4me and St-Sauveur.\" \/>\n<meta name=\"robots\" content=\"index, follow, max-snippet:-1, max-image-preview:large, max-video-preview:-1\" \/>\n<link rel=\"canonical\" href=\"https:\/\/www.physioelite.net\/en\/contact\/\" \/>\n<meta property=\"og:locale\" content=\"en_US\" \/>\n<meta property=\"og:type\" content=\"article\" \/>\n<meta property=\"og:title\" content=\"Contact One of our Physiotherapy Center | Physio \u00c9lite\" \/>\n<meta property=\"og:description\" content=\"Contact us for an appointment or more information. 3 physiotherapy centers in Laval, St-J\u00e9r\u00f4me and St-Sauveur.\" \/>\n<meta property=\"og:url\" content=\"https:\/\/www.physioelite.net\/en\/contact\/\" \/>\n<meta property=\"og:site_name\" content=\"Physio \u00c9lite\" \/>\n<meta property=\"article:modified_time\" content=\"2026-02-18T16:05:07+00:00\" \/>\n<meta name=\"twitter:card\" content=\"summary_large_image\" \/>\n<meta name=\"twitter:label1\" content=\"Est. reading time\" \/>\n\t<meta name=\"twitter:data1\" content=\"1 minute\" \/>\n<script type=\"application\/ld+json\" class=\"yoast-schema-graph\">{\"@context\":\"https:\\\/\\\/schema.org\",\"@graph\":[{\"@type\":\"WebPage\",\"@id\":\"https:\\\/\\\/www.physioelite.net\\\/en\\\/contact\\\/\",\"url\":\"https:\\\/\\\/www.physioelite.net\\\/en\\\/contact\\\/\",\"name\":\"Contact One of our Physiotherapy Center | Physio \u00c9lite\",\"isPartOf\":{\"@id\":\"https:\\\/\\\/www.physioelite.net\\\/en\\\/#website\"},\"datePublished\":\"2021-05-07T17:07:08+00:00\",\"dateModified\":\"2026-02-18T16:05:07+00:00\",\"description\":\"Contact us for an appointment or more information. 3 physiotherapy centers in Laval, St-J\u00e9r\u00f4me and St-Sauveur.\",\"breadcrumb\":{\"@id\":\"https:\\\/\\\/www.physioelite.net\\\/en\\\/contact\\\/#breadcrumb\"},\"inLanguage\":\"en-CA\",\"potentialAction\":[{\"@type\":\"ReadAction\",\"target\":[\"https:\\\/\\\/www.physioelite.net\\\/en\\\/contact\\\/\"]}]},{\"@type\":\"BreadcrumbList\",\"@id\":\"https:\\\/\\\/www.physioelite.net\\\/en\\\/contact\\\/#breadcrumb\",\"itemListElement\":[{\"@type\":\"ListItem\",\"position\":1,\"name\":\"Accueil\",\"item\":\"https:\\\/\\\/www.physioelite.net\\\/en\\\/home\\\/\"},{\"@type\":\"ListItem\",\"position\":2,\"name\":\"Contact\"}]},{\"@type\":\"WebSite\",\"@id\":\"https:\\\/\\\/www.physioelite.net\\\/en\\\/#website\",\"url\":\"https:\\\/\\\/www.physioelite.net\\\/en\\\/\",\"name\":\"Physio \u00c9lite\",\"description\":\"Physioth\u00e9rapie du sport\",\"potentialAction\":[{\"@type\":\"SearchAction\",\"target\":{\"@type\":\"EntryPoint\",\"urlTemplate\":\"https:\\\/\\\/www.physioelite.net\\\/en\\\/?s={search_term_string}\"},\"query-input\":{\"@type\":\"PropertyValueSpecification\",\"valueRequired\":true,\"valueName\":\"search_term_string\"}}],\"inLanguage\":\"en-CA\"}]}<\/script>\n<!-- \/ Yoast SEO plugin. -->","yoast_head_json":{"title":"Contact One of our Physiotherapy Center | Physio \u00c9lite","description":"Contact us for an appointment or more information. 3 physiotherapy centers in Laval, St-J\u00e9r\u00f4me and St-Sauveur.","robots":{"index":"index","follow":"follow","max-snippet":"max-snippet:-1","max-image-preview":"max-image-preview:large","max-video-preview":"max-video-preview:-1"},"canonical":"https:\/\/www.physioelite.net\/en\/contact\/","og_locale":"en_US","og_type":"article","og_title":"Contact One of our Physiotherapy Center | Physio \u00c9lite","og_description":"Contact us for an appointment or more information. 3 physiotherapy centers in Laval, St-J\u00e9r\u00f4me and St-Sauveur.","og_url":"https:\/\/www.physioelite.net\/en\/contact\/","og_site_name":"Physio \u00c9lite","article_modified_time":"2026-02-18T16:05:07+00:00","twitter_card":"summary_large_image","twitter_misc":{"Est. reading time":"1 minute"},"schema":{"@context":"https:\/\/schema.org","@graph":[{"@type":"WebPage","@id":"https:\/\/www.physioelite.net\/en\/contact\/","url":"https:\/\/www.physioelite.net\/en\/contact\/","name":"Contact One of our Physiotherapy Center | Physio \u00c9lite","isPartOf":{"@id":"https:\/\/www.physioelite.net\/en\/#website"},"datePublished":"2021-05-07T17:07:08+00:00","dateModified":"2026-02-18T16:05:07+00:00","description":"Contact us for an appointment or more information. 3 physiotherapy centers in Laval, St-J\u00e9r\u00f4me and St-Sauveur.","breadcrumb":{"@id":"https:\/\/www.physioelite.net\/en\/contact\/#breadcrumb"},"inLanguage":"en-CA","potentialAction":[{"@type":"ReadAction","target":["https:\/\/www.physioelite.net\/en\/contact\/"]}]},{"@type":"BreadcrumbList","@id":"https:\/\/www.physioelite.net\/en\/contact\/#breadcrumb","itemListElement":[{"@type":"ListItem","position":1,"name":"Accueil","item":"https:\/\/www.physioelite.net\/en\/home\/"},{"@type":"ListItem","position":2,"name":"Contact"}]},{"@type":"WebSite","@id":"https:\/\/www.physioelite.net\/en\/#website","url":"https:\/\/www.physioelite.net\/en\/","name":"Physio \u00c9lite","description":"Physioth\u00e9rapie du sport","potentialAction":[{"@type":"SearchAction","target":{"@type":"EntryPoint","urlTemplate":"https:\/\/www.physioelite.net\/en\/?s={search_term_string}"},"query-input":{"@type":"PropertyValueSpecification","valueRequired":true,"valueName":"search_term_string"}}],"inLanguage":"en-CA"}]}},"_links":{"self":[{"href":"https:\/\/www.physioelite.net\/en\/wp-json\/wp\/v2\/pages\/2641","targetHints":{"allow":["GET"]}}],"collection":[{"href":"https:\/\/www.physioelite.net\/en\/wp-json\/wp\/v2\/pages"}],"about":[{"href":"https:\/\/www.physioelite.net\/en\/wp-json\/wp\/v2\/types\/page"}],"author":[{"embeddable":true,"href":"https:\/\/www.physioelite.net\/en\/wp-json\/wp\/v2\/users\/1"}],"replies":[{"embeddable":true,"href":"https:\/\/www.physioelite.net\/en\/wp-json\/wp\/v2\/comments?post=2641"}],"version-history":[{"count":23,"href":"https:\/\/www.physioelite.net\/en\/wp-json\/wp\/v2\/pages\/2641\/revisions"}],"predecessor-version":[{"id":6457,"href":"https:\/\/www.physioelite.net\/en\/wp-json\/wp\/v2\/pages\/2641\/revisions\/6457"}],"wp:attachment":[{"href":"https:\/\/www.physioelite.net\/en\/wp-json\/wp\/v2\/media?parent=2641"}],"curies":[{"name":"wp","href":"https:\/\/api.w.org\/{rel}","templated":true}]}}